{"id":874,"date":"2025-10-14T10:36:11","date_gmt":"2025-10-14T10:36:11","guid":{"rendered":"https:\/\/madewithfrenzy.com\/?post_type=product&#038;p=874"},"modified":"2025-12-10T14:11:23","modified_gmt":"2025-12-10T14:11:23","slug":"bubble-bag-hot-chocolate","status":"publish","type":"product","link":"https:\/\/madewithfrenzy.com\/en\/product\/bubble-bag-hot-chocolate\/","title":{"rendered":"Bubble Bag Hot Chocolate"},"content":{"rendered":"<p>Un mini sac textur\u00e9, crochet\u00e9 \u00e0 la main\u00a0au toucher moelleux.<br data-start=\"854\" data-end=\"857\" \/>Le <strong data-start=\"860\" data-end=\"888\">Bubble Bag Hot Chocolate<\/strong>\u00a0joue sur le relief et la douceur, comme une mousse au cacao fig\u00e9e en maille.<br data-start=\"965\" data-end=\"968\" \/>Son <strong data-start=\"972\" data-end=\"990\">bouton aimant\u00e9<\/strong> garde tes essentiels bien rang\u00e9s , t\u00e9l\u00e9phone, portefeuille, cl\u00e9s&#8230;dans une bulle de chaleur.<br data-start=\"1109\" data-end=\"1112\" \/>Une pi\u00e8ce au look \u00e0 la fois <strong data-start=\"1140\" data-end=\"1155\">cozy et pop<\/strong>, entre design r\u00e9tro et \u00e9nergie moderne.<\/p>\n<h3 data-start=\"703\" data-end=\"737\">\ud83d\udccf Dimensions (approximatives)<\/h3>\n<ul data-start=\"740\" data-end=\"828\">\n<li data-start=\"740\" data-end=\"759\">\n<p data-start=\"742\" data-end=\"759\">Hauteur : 29 cm<\/p>\n<\/li>\n<li data-start=\"762\" data-end=\"826\">\n<p data-start=\"764\" data-end=\"826\">Largeur : 19 cm<br data-start=\"778\" data-end=\"781\" \/>(\u26a0\ufe0f \u00b11 cm selon les exemplaires, fait main)<\/p>\n<\/li>\n<\/ul>\n<h3 data-start=\"839\" data-end=\"857\">\ud83e\uddf6 Composition<\/h3>\n<ul data-start=\"860\" data-end=\"991\">\n<li data-start=\"860\" data-end=\"891\">\n<p data-start=\"862\" data-end=\"891\">Fil \u00a080 % acrylique ,20% polyamide<\/p>\n<\/li>\n<\/ul>\n<h3 data-start=\"896\" data-end=\"932\"><strong>\ud83d\udce6<\/strong> Livraison<strong> &amp; fabrication<\/strong><\/h3>\n<p data-start=\"1037\" data-end=\"1219\">Envoi sous 3 \u00e0 5 jours ouvr\u00e9s<br data-start=\"1066\" data-end=\"1069\" \/>Exp\u00e9di\u00e9 depuis la France en lettre suivie<br data-start=\"1112\" data-end=\"1115\" \/>S\u00e9rie limit\u00e9e \u2013 une fois \u00e9coul\u00e9e, il n\u2019est pas pr\u00e9vu d\u2019en produire \u00e0 nouveau dans cette version exacte<\/p>","protected":false},"excerpt":{"rendered":"<p>Mini sac textur\u00e9, couleur <strong data-start=\"2376\" data-end=\"2394\">chocolat chaud<\/strong>, avec fermeture aimant\u00e9e.<br data-start=\"2420\" data-end=\"2423\" \/>Moelleux, chic et 100 % fait main.<\/p>","protected":false},"featured_media":1076,"comment_status":"open","ping_status":"closed","template":"","meta":{"_crdt_document":"","advanced_seo_description":"","jetpack_seo_html_title":"","jetpack_seo_noindex":false,"jetpack_publicize_message":"","jetpack_publicize_feature_enabled":true,"jetpack_social_post_already_shared":true,"jetpack_social_options":{"image_generator_settings":{"template":"highway","default_image_id":0,"font":"","enabled":false},"version":2},"_wpas_customize_per_network":false},"product_brand":[],"product_cat":[19],"product_tag":[136,138,34,142,31,139,54,141,144,137,140,143],"class_list":{"0":"post-874","1":"product","2":"type-product","3":"status-publish","4":"has-post-thumbnail","6":"product_cat-sacs","7":"product_tag-bubble-bag","8":"product_tag-chocolat","9":"product_tag-crochet","10":"product_tag-crochet-bag","11":"product_tag-fait-main","12":"product_tag-hot-chocolate","13":"product_tag-marron","14":"product_tag-puff-stitch","15":"product_tag-sac-artisanal","16":"product_tag-sac-bobble","17":"product_tag-sac-mini","18":"product_tag-y2k","20":"first","21":"instock","22":"shipping-taxable","23":"purchasable","24":"product-type-simple"},"bundled_by":[],"bundle_stock_status":"instock","bundle_stock_quantity":null,"bundle_virtual":false,"bundle_layout":"","bundle_add_to_cart_form_location":"","bundle_editable_in_cart":false,"bundle_sold_individually_context":"","bundle_item_grouping":"","bundle_min_size":"","bundle_max_size":"","bundle_price":[],"bundled_items":[],"bundle_sell_ids":[],"group_of_quantity":0,"min_quantity":0,"max_quantity":"","exclude_order_quantity_value_rules":"no","exclude_category_quantity_rules":"no","combine_variations":"no","exclude_global_add_ons":[],"addons":[],"jetpack_publicize_connections":[],"jetpack_sharing_enabled":true,"jetpack_likes_enabled":true,"_links":{"self":[{"href":"https:\/\/madewithfrenzy.com\/en\/wp-json\/wp\/v2\/product\/874","targetHints":{"allow":["GET"]}}],"collection":[{"href":"https:\/\/madewithfrenzy.com\/en\/wp-json\/wp\/v2\/product"}],"about":[{"href":"https:\/\/madewithfrenzy.com\/en\/wp-json\/wp\/v2\/types\/product"}],"replies":[{"embeddable":true,"href":"https:\/\/madewithfrenzy.com\/en\/wp-json\/wp\/v2\/comments?post=874"}],"wp:featuredmedia":[{"embeddable":true,"href":"https:\/\/madewithfrenzy.com\/en\/wp-json\/wp\/v2\/media\/1076"}],"wp:attachment":[{"href":"https:\/\/madewithfrenzy.com\/en\/wp-json\/wp\/v2\/media?parent=874"}],"wp:term":[{"taxonomy":"product_brand","embeddable":true,"href":"https:\/\/madewithfrenzy.com\/en\/wp-json\/wp\/v2\/product_brand?post=874"},{"taxonomy":"product_cat","embeddable":true,"href":"https:\/\/madewithfrenzy.com\/en\/wp-json\/wp\/v2\/product_cat?post=874"},{"taxonomy":"product_tag","embeddable":true,"href":"https:\/\/madewithfrenzy.com\/en\/wp-json\/wp\/v2\/product_tag?post=874"}],"curies":[{"name":"wp","href":"https:\/\/api.w.org\/{rel}","templated":true}]}}