{"id":672,"date":"2025-07-08T23:28:25","date_gmt":"2025-07-08T23:28:25","guid":{"rendered":"https:\/\/madewithfrenzy.com\/?post_type=product&#038;p=672"},"modified":"2025-10-14T09:22:53","modified_gmt":"2025-10-14T09:22:53","slug":"stardust-bourse-blue","status":"publish","type":"product","link":"https:\/\/madewithfrenzy.com\/en\/product\/stardust-bourse-blue\/","title":{"rendered":"Stardust Bourse Blue"},"content":{"rendered":"<p>Mini bourses crochet\u00e9es \u00e0 la main avec un fil m\u00e9tallis\u00e9 scintillant pour garder tes essentiels du quotidien.<br data-start=\"854\" data-end=\"857\" \/>Chaque <strong data-start=\"864\" data-end=\"883\">Stardust Bourse<\/strong> est crochet\u00e9e \u00e0 la main dans un fil m\u00ealant polyester m\u00e9tallis\u00e9, acrylique, laine et viscose, offrant une texture souple et un \u00e9clat subtil.<br data-start=\"1023\" data-end=\"1026\" \/>Compacte mais fonctionnelle, elle accueille tes AirPods, ton rouge \u00e0 l\u00e8vres, ta monnaie, ou ta mini-poudre compacte.Un <strong data-start=\"1148\" data-end=\"1163\">stop-cordon<\/strong> ferme la bourse comme un petit tr\u00e9sor \u00e0 lumi\u00e8re captive.<\/p>\n<p>La version <strong data-start=\"1781\" data-end=\"1790\">Bleue<\/strong> \u00e9voque le calme d\u2019un ciel d\u2019\u00e9t\u00e9 captur\u00e9 dans une maille scintillante. Discr\u00e8te mais vibrante, elle attrape la lumi\u00e8re comme une \u00e9toile filante.<\/p>\n<h3 data-start=\"703\" data-end=\"737\">\ud83d\udccf Dimensions (approximatives)<\/h3>\n<ul data-start=\"740\" data-end=\"828\">\n<li data-start=\"740\" data-end=\"759\">\n<p data-start=\"742\" data-end=\"759\">Hauteur : 7 cm<\/p>\n<\/li>\n<li data-start=\"762\" data-end=\"826\">\n<p data-start=\"764\" data-end=\"826\">Largeur : 10 cm<br data-start=\"778\" data-end=\"781\" \/>(\u26a0\ufe0f \u00b11 cm selon les exemplaires, fait main)<\/p>\n<\/li>\n<\/ul>\n<h3 data-start=\"839\" data-end=\"857\">\ud83e\uddf6 Composition<\/h3>\n<ul data-start=\"860\" data-end=\"991\">\n<li data-start=\"860\" data-end=\"891\">\n<p data-start=\"862\" data-end=\"891\">Fil \u00a052 %polyester m\u00e9tallis\u00e9, 38 % acrylique, 5 % laine, 5 % viscose<\/p>\n<\/li>\n<\/ul>\n<h3 data-start=\"896\" data-end=\"932\"><strong>\ud83d\udce6<\/strong> Livraison<strong> &amp; fabrication<\/strong><\/h3>\n<p data-start=\"1037\" data-end=\"1219\">Envoi sous 3 \u00e0 5 jours ouvr\u00e9s<br data-start=\"1066\" data-end=\"1069\" \/>Exp\u00e9di\u00e9 depuis la France en lettre suivie<br data-start=\"1112\" data-end=\"1115\" \/>S\u00e9rie limit\u00e9e \u2013 une fois \u00e9coul\u00e9e, il n\u2019est pas pr\u00e9vu d\u2019en produire \u00e0 nouveau dans cette version exacte<\/p>","protected":false},"excerpt":{"rendered":"<p>Mini bourse crochet\u00e9e <strong data-start=\"2214\" data-end=\"2234\">bleue m\u00e9tallis\u00e9e,<\/strong>\u00a0un \u00e9clat frais fa\u00e7on ciel \u00e9toil\u00e9.<\/p>","protected":false},"featured_media":809,"comment_status":"open","ping_status":"closed","template":"","meta":{"_crdt_document":"","advanced_seo_description":"","jetpack_seo_html_title":"","jetpack_seo_noindex":false,"jetpack_publicize_message":"","jetpack_publicize_feature_enabled":true,"jetpack_social_post_already_shared":true,"jetpack_social_options":{"image_generator_settings":{"template":"highway","default_image_id":0,"font":"","enabled":false},"version":2},"_wpas_customize_per_network":false},"product_brand":[],"product_cat":[26],"product_tag":[126,122,125,34,31,124,50,120,116,110,121,127,123],"class_list":{"0":"post-672","1":"product","2":"type-product","3":"status-publish","4":"has-post-thumbnail","6":"product_cat-minisacs","7":"product_tag-accessoire-compact","8":"product_tag-acrylique","9":"product_tag-bleu","10":"product_tag-crochet","11":"product_tag-fait-main","12":"product_tag-metallise","13":"product_tag-mini-sac","14":"product_tag-mousqueton","15":"product_tag-petit-format","16":"product_tag-pochette","17":"product_tag-polyester","18":"product_tag-sac-brillant","19":"product_tag-stardust-bourse","21":"first","22":"instock","23":"shipping-taxable","24":"purchasable","25":"product-type-simple"},"bundled_by":[],"bundle_stock_status":"instock","bundle_stock_quantity":null,"bundle_virtual":false,"bundle_layout":"","bundle_add_to_cart_form_location":"","bundle_editable_in_cart":false,"bundle_sold_individually_context":"","bundle_item_grouping":"","bundle_min_size":"","bundle_max_size":"","bundle_price":[],"bundled_items":[],"bundle_sell_ids":[],"group_of_quantity":0,"min_quantity":0,"max_quantity":"","exclude_order_quantity_value_rules":"no","exclude_category_quantity_rules":"no","combine_variations":"no","exclude_global_add_ons":[],"addons":[],"jetpack_publicize_connections":[],"jetpack_sharing_enabled":true,"jetpack_likes_enabled":true,"_links":{"self":[{"href":"https:\/\/madewithfrenzy.com\/en\/wp-json\/wp\/v2\/product\/672","targetHints":{"allow":["GET"]}}],"collection":[{"href":"https:\/\/madewithfrenzy.com\/en\/wp-json\/wp\/v2\/product"}],"about":[{"href":"https:\/\/madewithfrenzy.com\/en\/wp-json\/wp\/v2\/types\/product"}],"replies":[{"embeddable":true,"href":"https:\/\/madewithfrenzy.com\/en\/wp-json\/wp\/v2\/comments?post=672"}],"wp:featuredmedia":[{"embeddable":true,"href":"https:\/\/madewithfrenzy.com\/en\/wp-json\/wp\/v2\/media\/809"}],"wp:attachment":[{"href":"https:\/\/madewithfrenzy.com\/en\/wp-json\/wp\/v2\/media?parent=672"}],"wp:term":[{"taxonomy":"product_brand","embeddable":true,"href":"https:\/\/madewithfrenzy.com\/en\/wp-json\/wp\/v2\/product_brand?post=672"},{"taxonomy":"product_cat","embeddable":true,"href":"https:\/\/madewithfrenzy.com\/en\/wp-json\/wp\/v2\/product_cat?post=672"},{"taxonomy":"product_tag","embeddable":true,"href":"https:\/\/madewithfrenzy.com\/en\/wp-json\/wp\/v2\/product_tag?post=672"}],"curies":[{"name":"wp","href":"https:\/\/api.w.org\/{rel}","templated":true}]}}