{"id":665,"date":"2025-07-01T15:14:51","date_gmt":"2025-07-01T15:14:51","guid":{"rendered":"https:\/\/madewithfrenzy.com\/?post_type=product&#038;p=665"},"modified":"2025-12-08T10:03:44","modified_gmt":"2025-12-08T10:03:44","slug":"hot-pink-checkrina","status":"publish","type":"product","link":"https:\/\/madewithfrenzy.com\/en\/product\/hot-pink-checkrina\/","title":{"rendered":"Hot Pink Checkrina"},"content":{"rendered":"<p>Une mini bourse \u00e0 cordon crochet\u00e9e main, parfaite pour embarquer tes petits essentiels du quotidien, baume \u00e0 l\u00e8vres, pi\u00e8ces, \u00e9couteurs ou autres mini-choses qui disparaissent toujours au fond du sac.<br data-start=\"441\" data-end=\"444\" \/>Crochet\u00e9e \u00e0 la main avec un motif \u00e0 carreaux, elle ferme gr\u00e2ce \u00e0 un cordon \u00e9quip\u00e9 d\u2019un stoppeur en plastique noir et deux perles acryliques smiley.<\/p>\n<p>Chaque mod\u00e8le est <strong data-start=\"975\" data-end=\"985\">unique<\/strong>, avec de l\u00e9g\u00e8res variations selon les mat\u00e9riaux disponibles, c\u2019est aussi \u00e7a, le charme du crochet fait maison : un peu de surprise dans chaque maille.<\/p>\n<h3 data-start=\"703\" data-end=\"737\">\ud83d\udccf Dimensions (approximatives)<\/h3>\n<ul data-start=\"740\" data-end=\"828\">\n<li data-start=\"740\" data-end=\"759\">\n<p data-start=\"742\" data-end=\"759\">Hauteur : 10 cm<\/p>\n<\/li>\n<li data-start=\"762\" data-end=\"826\">\n<p data-start=\"764\" data-end=\"826\">Largeur : 12 cm<br data-start=\"778\" data-end=\"781\" \/>(\u26a0\ufe0f \u00b11 cm selon les exemplaires, fait main)<\/p>\n<\/li>\n<\/ul>\n<h3 data-start=\"839\" data-end=\"857\">\ud83e\uddf6 Composition<\/h3>\n<ul data-start=\"860\" data-end=\"991\">\n<li data-start=\"860\" data-end=\"891\">\n<p data-start=\"862\" data-end=\"891\">Fil 100 % coton<\/p>\n<\/li>\n<li data-start=\"894\" data-end=\"932\">\n<p data-start=\"896\" data-end=\"932\">Fil speckled 100 % polyester<\/p>\n<\/li>\n<li data-start=\"935\" data-end=\"989\">\n<p data-start=\"937\" data-end=\"989\">Bouchon de cordon en plastique<\/p>\n<\/li>\n<li data-start=\"935\" data-end=\"989\">\n<p data-start=\"937\" data-end=\"989\">Perles acryliques smiley<\/p>\n<\/li>\n<\/ul>\n<h3 data-start=\"1002\" data-end=\"1034\">\ud83d\udce6 Livraison &amp; fabrication<\/h3>\n<p data-start=\"1037\" data-end=\"1219\">Envoi sous 3 \u00e0 5 jours ouvr\u00e9s<br data-start=\"1066\" data-end=\"1069\" \/>Exp\u00e9di\u00e9 depuis la France en lettre suivie<br data-start=\"1112\" data-end=\"1115\" \/>S\u00e9rie limit\u00e9e \u2013 une fois \u00e9coul\u00e9e, il n\u2019est pas pr\u00e9vu d\u2019en produire \u00e0 nouveau dans cette version exacte<\/p>","protected":false},"excerpt":{"rendered":"<p>Mini bourse \u00e0 cordon crochet\u00e9e main, pour garder tes essentiels sous contr\u00f4le.<\/p>","protected":false},"featured_media":663,"comment_status":"open","ping_status":"closed","template":"","meta":{"_crdt_document":"","advanced_seo_description":"","jetpack_seo_html_title":"","jetpack_seo_noindex":false,"jetpack_publicize_message":"","jetpack_publicize_feature_enabled":true,"jetpack_social_post_already_shared":true,"jetpack_social_options":{"image_generator_settings":{"template":"highway","default_image_id":0,"font":"","enabled":false},"version":2},"_wpas_customize_per_network":false},"product_brand":[],"product_cat":[26],"product_tag":[111,34,113,31,51,50,114,116,110,109,115,49,112],"class_list":{"0":"post-665","1":"product","2":"type-product","3":"status-publish","4":"has-post-thumbnail","6":"product_cat-minisacs","7":"product_tag-checkerboard","8":"product_tag-crochet","9":"product_tag-drawstring","10":"product_tag-fait-main","11":"product_tag-lavande","12":"product_tag-mini-sac","13":"product_tag-perles-smiley","14":"product_tag-petit-format","15":"product_tag-pochette","16":"product_tag-pouch","17":"product_tag-rangement","18":"product_tag-speckled","19":"product_tag-violet","21":"first","22":"instock","23":"shipping-taxable","24":"purchasable","25":"product-type-simple"},"bundled_by":[],"bundle_stock_status":"instock","bundle_stock_quantity":2,"bundle_virtual":false,"bundle_layout":"","bundle_add_to_cart_form_location":"","bundle_editable_in_cart":false,"bundle_sold_individually_context":"","bundle_item_grouping":"","bundle_min_size":"","bundle_max_size":"","bundle_price":[],"bundled_items":[],"bundle_sell_ids":[],"group_of_quantity":0,"min_quantity":0,"max_quantity":"","exclude_order_quantity_value_rules":"no","exclude_category_quantity_rules":"no","combine_variations":"no","exclude_global_add_ons":[],"addons":[],"jetpack_publicize_connections":[],"jetpack_sharing_enabled":true,"jetpack_likes_enabled":true,"_links":{"self":[{"href":"https:\/\/madewithfrenzy.com\/en\/wp-json\/wp\/v2\/product\/665","targetHints":{"allow":["GET"]}}],"collection":[{"href":"https:\/\/madewithfrenzy.com\/en\/wp-json\/wp\/v2\/product"}],"about":[{"href":"https:\/\/madewithfrenzy.com\/en\/wp-json\/wp\/v2\/types\/product"}],"replies":[{"embeddable":true,"href":"https:\/\/madewithfrenzy.com\/en\/wp-json\/wp\/v2\/comments?post=665"}],"wp:featuredmedia":[{"embeddable":true,"href":"https:\/\/madewithfrenzy.com\/en\/wp-json\/wp\/v2\/media\/663"}],"wp:attachment":[{"href":"https:\/\/madewithfrenzy.com\/en\/wp-json\/wp\/v2\/media?parent=665"}],"wp:term":[{"taxonomy":"product_brand","embeddable":true,"href":"https:\/\/madewithfrenzy.com\/en\/wp-json\/wp\/v2\/product_brand?post=665"},{"taxonomy":"product_cat","embeddable":true,"href":"https:\/\/madewithfrenzy.com\/en\/wp-json\/wp\/v2\/product_cat?post=665"},{"taxonomy":"product_tag","embeddable":true,"href":"https:\/\/madewithfrenzy.com\/en\/wp-json\/wp\/v2\/product_tag?post=665"}],"curies":[{"name":"wp","href":"https:\/\/api.w.org\/{rel}","templated":true}]}}