{"id":101,"date":"2025-02-28T10:33:25","date_gmt":"2025-02-28T10:33:25","guid":{"rendered":"https:\/\/madewithfrenzy.com\/?p=101"},"modified":"2025-12-10T13:00:31","modified_gmt":"2025-12-10T13:00:31","slug":"minisaccloudette","status":"publish","type":"product","link":"https:\/\/madewithfrenzy.com\/en\/product\/minisaccloudette\/","title":{"rendered":"Mini sac Cloudette"},"content":{"rendered":"<p data-start=\"259\" data-end=\"383\">Toute en rondeur et en douceur, <strong data-start=\"291\" data-end=\"304\">Cloudette<\/strong> est un mini sac crochet\u00e9 \u00e0 la main qui ressemble \u00e0 un petit nuage de guimauve.<\/p>\n<p data-start=\"388\" data-end=\"586\">Son point bobble lui donne une texture moelleuse et rebondie, mise en valeur par un duo de fils rose.<\/p>\n<p data-start=\"591\" data-end=\"833\">Ferm\u00e9 par une anse courte termin\u00e9e par un mousqueton, <strong data-start=\"645\" data-end=\"658\">Cloudette<\/strong> peut \u00eatre port\u00e9 comme mini sac bijou, ou clipp\u00e9 \u00e0 un sac plus grand, une ceinture ou une sangle. C\u2019est l\u2019accessoire pastel et fluffy qui ajoute un brin de magie \u00e0 ta journ\u00e9e.<\/p>\n<h3 data-start=\"846\" data-end=\"880\">\ud83d\udccf Dimensions (approximatives)<\/h3>\n<ul data-start=\"883\" data-end=\"968\">\n<li data-start=\"883\" data-end=\"902\">\n<p data-start=\"885\" data-end=\"902\">Hauteur : 12 cm<\/p>\n<\/li>\n<li data-start=\"905\" data-end=\"966\">\n<p data-start=\"907\" data-end=\"966\">Largeur : 9 cm<br data-start=\"921\" data-end=\"924\" \/>(\u26a0\ufe0f \u00b11 cm, chaque exemplaire est unique)<\/p>\n<\/li>\n<\/ul>\n<h3 data-start=\"979\" data-end=\"997\">\ud83e\uddf6 Composition<\/h3>\n<ul data-start=\"1000\" data-end=\"1155\">\n<li data-start=\"1000\" data-end=\"1046\">\n<p data-start=\"1002\" data-end=\"1046\">Fil peluche : 100 % polyester (Cosy Teddy)<\/p>\n<\/li>\n<li data-start=\"1049\" data-end=\"1087\">\n<p data-start=\"1051\" data-end=\"1087\">Fil de contraste : 100 % acrylique<\/p>\n<\/li>\n<li data-start=\"1090\" data-end=\"1153\">\n<p data-start=\"1092\" data-end=\"1153\">Fermeture : anse courte avec mousqueton plastique transparent<\/p>\n<\/li>\n<\/ul>\n<h3 data-start=\"1166\" data-end=\"1198\">\ud83d\udce6 Livraison &amp; fabrication<\/h3>\n<p data-start=\"1201\" data-end=\"1383\">Envoi sous 3 \u00e0 5 jours ouvr\u00e9s<br data-start=\"1230\" data-end=\"1233\" \/>Exp\u00e9di\u00e9 depuis la France en lettre suivie<br data-start=\"1276\" data-end=\"1279\" \/>S\u00e9rie limit\u00e9e\u00a0 \u2013une fois \u00e9coul\u00e9e, il n\u2019est pas pr\u00e9vu d\u2019en produire \u00e0 nouveau dans cette version exacte<\/p>","protected":false},"excerpt":{"rendered":"<p>Toute douce, toute mini, toute rose Cloudette, le sac nuage \u00e0 clipper pour une touche moelleuse dans ta journ\u00e9e \ud83c\udf38\u2601\ufe0f<\/p>","protected":false},"featured_media":1072,"comment_status":"open","ping_status":"closed","template":"","meta":{"_crdt_document":"","advanced_seo_description":"","jetpack_seo_html_title":"","jetpack_seo_noindex":false,"jetpack_publicize_message":"","jetpack_publicize_feature_enabled":true,"jetpack_social_post_already_shared":true,"jetpack_social_options":{"image_generator_settings":{"template":"highway","default_image_id":0,"font":"","enabled":false},"version":2},"_wpas_customize_per_network":false},"product_brand":[],"product_cat":[26],"product_tag":[62,76,71,72,34,31,74,67,50,73,70,75,64,35],"class_list":{"0":"post-101","1":"product","2":"type-product","3":"status-publish","4":"has-post-thumbnail","6":"product_cat-minisacs","7":"product_tag-bobble-stitch","8":"product_tag-clip","9":"product_tag-cloudette","10":"product_tag-cosy-teddy","11":"product_tag-crochet","12":"product_tag-fait-main","13":"product_tag-fluffy","14":"product_tag-mini-accessoire","15":"product_tag-mini-sac","16":"product_tag-moelleux","17":"product_tag-rose-pastel","18":"product_tag-sac-dappoint","19":"product_tag-sac-nuage","20":"product_tag-serie-limitee","22":"first","23":"instock","24":"shipping-taxable","25":"purchasable","26":"product-type-simple"},"bundled_by":[],"bundle_stock_status":"instock","bundle_stock_quantity":2,"bundle_virtual":false,"bundle_layout":"","bundle_add_to_cart_form_location":"","bundle_editable_in_cart":false,"bundle_sold_individually_context":"","bundle_item_grouping":"","bundle_min_size":"","bundle_max_size":"","bundle_price":[],"bundled_items":[],"bundle_sell_ids":[],"group_of_quantity":0,"min_quantity":0,"max_quantity":"","exclude_order_quantity_value_rules":"no","exclude_category_quantity_rules":"no","combine_variations":"no","exclude_global_add_ons":[],"addons":[],"jetpack_publicize_connections":[],"jetpack_sharing_enabled":true,"jetpack_likes_enabled":true,"_links":{"self":[{"href":"https:\/\/madewithfrenzy.com\/en\/wp-json\/wp\/v2\/product\/101","targetHints":{"allow":["GET"]}}],"collection":[{"href":"https:\/\/madewithfrenzy.com\/en\/wp-json\/wp\/v2\/product"}],"about":[{"href":"https:\/\/madewithfrenzy.com\/en\/wp-json\/wp\/v2\/types\/product"}],"replies":[{"embeddable":true,"href":"https:\/\/madewithfrenzy.com\/en\/wp-json\/wp\/v2\/comments?post=101"}],"wp:featuredmedia":[{"embeddable":true,"href":"https:\/\/madewithfrenzy.com\/en\/wp-json\/wp\/v2\/media\/1072"}],"wp:attachment":[{"href":"https:\/\/madewithfrenzy.com\/en\/wp-json\/wp\/v2\/media?parent=101"}],"wp:term":[{"taxonomy":"product_brand","embeddable":true,"href":"https:\/\/madewithfrenzy.com\/en\/wp-json\/wp\/v2\/product_brand?post=101"},{"taxonomy":"product_cat","embeddable":true,"href":"https:\/\/madewithfrenzy.com\/en\/wp-json\/wp\/v2\/product_cat?post=101"},{"taxonomy":"product_tag","embeddable":true,"href":"https:\/\/madewithfrenzy.com\/en\/wp-json\/wp\/v2\/product_tag?post=101"}],"curies":[{"name":"wp","href":"https:\/\/api.w.org\/{rel}","templated":true}]}}