{"id":62,"date":"2025-02-28T09:54:14","date_gmt":"2025-02-28T09:54:14","guid":{"rendered":"https:\/\/madewithfrenzy.com\/?page_id=62"},"modified":"2025-06-23T23:19:56","modified_gmt":"2025-06-23T23:19:56","slug":"about","status":"publish","type":"page","link":"https:\/\/madewithfrenzy.com\/en\/about\/","title":{"rendered":"\u00c0  propos"},"content":{"rendered":"<div class=\"wp-block-columns is-layout-flex wp-container-core-columns-is-layout-995f960e wp-block-columns-is-layout-flex\">\n<div class=\"wp-block-column is-layout-flow wp-block-column-is-layout-flow\" style=\"flex-basis:100%\">\n<div class=\"wp-block-group alignfull is-layout-constrained wp-container-core-group-is-layout-7f95acb1 wp-block-group-is-layout-constrained\" style=\"margin-top:0;margin-bottom:0;padding-top:calc( 0.5 * var(--wp--style--root--padding-right, var(--wp--custom--gap--horizontal)));padding-right:var(--wp--style--root--padding-right, var(--wp--custom--gap--horizontal));padding-bottom:calc( 0.5 * var(--wp--style--root--padding-right, var(--wp--custom--gap--horizontal)));padding-left:var(--wp--style--root--padding-left, var(--wp--custom--gap--horizontal))\">\n<div style=\"height:calc( 0.25 * var(--wp--style--root--padding-right, var(--wp--custom--gap--horizontal)))\" aria-hidden=\"true\" class=\"wp-block-spacer\"><\/div>\n\n\n\n<div class=\"wp-block-columns alignwide are-vertically-aligned-center is-layout-flex wp-container-core-columns-is-layout-b1da706a wp-block-columns-is-layout-flex\">\n<div class=\"wp-block-column is-vertically-aligned-center is-layout-flow wp-block-column-is-layout-flow\">\n<figure class=\"wp-block-image size-full\"><img data-recalc-dims=\"1\" loading=\"lazy\" decoding=\"async\" width=\"1024\" height=\"1024\" data-attachment-id=\"551\" data-permalink=\"https:\/\/madewithfrenzy.com\/en\/about\/9e4ac7d0-8fc0-4ffd-a85b-2bfb23a7f6e2\/\" data-orig-file=\"https:\/\/i0.wp.com\/madewithfrenzy.com\/wp-content\/uploads\/2025\/06\/9E4AC7D0-8FC0-4FFD-A85B-2BFB23A7F6E2.png?fit=1024%2C1024&amp;ssl=1\" data-orig-size=\"1024,1024\" data-comments-opened=\"1\" data-image-meta=\"{&quot;aperture&quot;:&quot;0&quot;,&quot;credit&quot;:&quot;&quot;,&quot;camera&quot;:&quot;&quot;,&quot;caption&quot;:&quot;&quot;,&quot;created_timestamp&quot;:&quot;0&quot;,&quot;copyright&quot;:&quot;&quot;,&quot;focal_length&quot;:&quot;0&quot;,&quot;iso&quot;:&quot;0&quot;,&quot;shutter_speed&quot;:&quot;0&quot;,&quot;title&quot;:&quot;&quot;,&quot;orientation&quot;:&quot;0&quot;}\" data-image-title=\"9E4AC7D0-8FC0-4FFD-A85B-2BFB23A7F6E2\" data-image-description=\"\" data-image-caption=\"\" data-large-file=\"https:\/\/i0.wp.com\/madewithfrenzy.com\/wp-content\/uploads\/2025\/06\/9E4AC7D0-8FC0-4FFD-A85B-2BFB23A7F6E2.png?fit=1024%2C1024&amp;ssl=1\" src=\"https:\/\/i0.wp.com\/madewithfrenzy.com\/wp-content\/uploads\/2025\/06\/9E4AC7D0-8FC0-4FFD-A85B-2BFB23A7F6E2.png?resize=1024%2C1024&#038;ssl=1\" alt=\"\" class=\"wp-image-551\" srcset=\"https:\/\/i0.wp.com\/madewithfrenzy.com\/wp-content\/uploads\/2025\/06\/9E4AC7D0-8FC0-4FFD-A85B-2BFB23A7F6E2.png?w=1024&amp;ssl=1 1024w, https:\/\/i0.wp.com\/madewithfrenzy.com\/wp-content\/uploads\/2025\/06\/9E4AC7D0-8FC0-4FFD-A85B-2BFB23A7F6E2.png?resize=300%2C300&amp;ssl=1 300w, https:\/\/i0.wp.com\/madewithfrenzy.com\/wp-content\/uploads\/2025\/06\/9E4AC7D0-8FC0-4FFD-A85B-2BFB23A7F6E2.png?resize=150%2C150&amp;ssl=1 150w, https:\/\/i0.wp.com\/madewithfrenzy.com\/wp-content\/uploads\/2025\/06\/9E4AC7D0-8FC0-4FFD-A85B-2BFB23A7F6E2.png?resize=768%2C768&amp;ssl=1 768w, https:\/\/i0.wp.com\/madewithfrenzy.com\/wp-content\/uploads\/2025\/06\/9E4AC7D0-8FC0-4FFD-A85B-2BFB23A7F6E2.png?resize=800%2C800&amp;ssl=1 800w, https:\/\/i0.wp.com\/madewithfrenzy.com\/wp-content\/uploads\/2025\/06\/9E4AC7D0-8FC0-4FFD-A85B-2BFB23A7F6E2.png?resize=600%2C600&amp;ssl=1 600w, https:\/\/i0.wp.com\/madewithfrenzy.com\/wp-content\/uploads\/2025\/06\/9E4AC7D0-8FC0-4FFD-A85B-2BFB23A7F6E2.png?resize=400%2C400&amp;ssl=1 400w, https:\/\/i0.wp.com\/madewithfrenzy.com\/wp-content\/uploads\/2025\/06\/9E4AC7D0-8FC0-4FFD-A85B-2BFB23A7F6E2.png?resize=200%2C200&amp;ssl=1 200w, https:\/\/i0.wp.com\/madewithfrenzy.com\/wp-content\/uploads\/2025\/06\/9E4AC7D0-8FC0-4FFD-A85B-2BFB23A7F6E2.png?resize=100%2C100&amp;ssl=1 100w\" sizes=\"auto, (max-width: 1024px) 100vw, 1024px\" \/><\/figure>\n<\/div>\n\n\n\n<div class=\"wp-block-column is-vertically-aligned-center is-layout-flow wp-block-column-is-layout-flow\">\n<p class=\"wp-block-paragraph\"><strong>Made With Frenzy<\/strong> c\u2019est une marque de wearable artwork qui cr\u00e9e de la nouveaut\u00e9 en jouant avec diff\u00e9rentes textures de fils.<\/p>\n\n\n\n<p class=\"wp-block-paragraph\">Chaque cr\u00e9ation est faite \u00e0 la main, en petites s\u00e9ries, \u00e0 partir de fils choisis pour leurs couleurs, leurs mati\u00e8res ou leur grain de folie.<br>J\u2019aime m\u00e9langer les textures, jouer avec les volumes et faire du crochet un terrain d\u2019exp\u00e9rimentations douces.<\/p>\n\n\n\n<p class=\"wp-block-paragraph\">Les pi\u00e8ces sont pens\u00e9es comme des compagnons du quotidien \u2014 pratiques et visuelles.<br>Certaines sont uniques, d\u2019autres disponibles en \u00e9ditions limit\u00e9es, selon l\u2019inspiration ou les fils \u00e0 disposition.<\/p>\n\n\n\n<p class=\"wp-block-paragraph\">C\u2019est une histoire qui se tisse au fil du temps, sans ligne fig\u00e9e :<br>des formes \u00e9voluent, des id\u00e9es germent, et chaque objet porte une part de cette exploration.<\/p>\n<\/div>\n<\/div>\n\n\n\n<div style=\"height:calc( 0.25 * var(--wp--style--root--padding-right, var(--wp--custom--gap--horizontal)))\" aria-hidden=\"true\" class=\"wp-block-spacer\"><\/div>\n<\/div>\n<\/div>\n<\/div>\n\n\n\n<p class=\"wp-block-paragraph\"><\/p>","protected":false},"excerpt":{"rendered":"<p>Made With Frenzy c\u2019est une marque de wearable artwork qui cr\u00e9e de la nouveaut\u00e9 en jouant avec diff\u00e9rentes textures de fils. Chaque cr\u00e9ation est faite \u00e0 la main, en petites s\u00e9ries, \u00e0 partir de fils choisis pour leurs couleurs, leurs mati\u00e8res ou leur grain de folie.J\u2019aime m\u00e9langer les textures, jouer avec les volumes et faire [&hellip;]<\/p>\n","protected":false},"author":255793065,"featured_media":0,"parent":0,"menu_order":0,"comment_status":"closed","ping_status":"closed","template":"","meta":{"_crdt_document":"","advanced_seo_description":"","jetpack_seo_html_title":"","jetpack_seo_noindex":false,"footnotes":""},"class_list":["post-62","page","type-page","status-publish","hentry"],"blocksy_meta":[],"jetpack_sharing_enabled":true,"jetpack_likes_enabled":true,"jetpack_shortlink":"https:\/\/wp.me\/Pg2NEC-10","_links":{"self":[{"href":"https:\/\/madewithfrenzy.com\/en\/wp-json\/wp\/v2\/pages\/62","targetHints":{"allow":["GET"]}}],"collection":[{"href":"https:\/\/madewithfrenzy.com\/en\/wp-json\/wp\/v2\/pages"}],"about":[{"href":"https:\/\/madewithfrenzy.com\/en\/wp-json\/wp\/v2\/types\/page"}],"author":[{"embeddable":true,"href":"https:\/\/madewithfrenzy.com\/en\/wp-json\/wp\/v2\/users\/255793065"}],"replies":[{"embeddable":true,"href":"https:\/\/madewithfrenzy.com\/en\/wp-json\/wp\/v2\/comments?post=62"}],"version-history":[{"count":7,"href":"https:\/\/madewithfrenzy.com\/en\/wp-json\/wp\/v2\/pages\/62\/revisions"}],"predecessor-version":[{"id":552,"href":"https:\/\/madewithfrenzy.com\/en\/wp-json\/wp\/v2\/pages\/62\/revisions\/552"}],"wp:attachment":[{"href":"https:\/\/madewithfrenzy.com\/en\/wp-json\/wp\/v2\/media?parent=62"}],"curies":[{"name":"wp","href":"https:\/\/api.w.org\/{rel}","templated":true}]}}